{"id":43,"date":"2026-03-25T22:10:21","date_gmt":"2026-03-25T21:10:21","guid":{"rendered":"https:\/\/joseyac.uproyecto.com\/?page_id=43"},"modified":"2026-04-08T08:14:12","modified_gmt":"2026-04-08T06:14:12","slug":"servicios","status":"publish","type":"page","link":"https:\/\/joseyac.uproyecto.com\/?page_id=43","title":{"rendered":"Servicios"},"content":{"rendered":"<p>[et_pb_section fb_built=\u00bb1&#8243; _builder_version=\u00bb4.27.5&#8243; _module_preset=\u00bbdefault\u00bb background_image=\u00bbhttps:\/\/joseyac.uproyecto.com\/wp-content\/uploads\/2026\/04\/separador@4x-scaled.png\u00bb custom_padding=\u00bb0px||0px|||\u00bb global_colors_info=\u00bb{}\u00bb][et_pb_row _builder_version=\u00bb4.27.5&#8243; _module_preset=\u00bbdefault\u00bb global_colors_info=\u00bb{}\u00bb][et_pb_column type=\u00bb4_4&#8243; _builder_version=\u00bb4.27.5&#8243; _module_preset=\u00bbdefault\u00bb global_colors_info=\u00bb{}\u00bb][et_pb_text _builder_version=\u00bb4.27.5&#8243; _module_preset=\u00bbdefault\u00bb text_font=\u00bbAnton||||||||\u00bb text_text_color=\u00bb#70FFD6&#8243; text_font_size=\u00bb53px\u00bb text_orientation=\u00bbcenter\u00bb text_text_shadow_style=\u00bbpreset3&#8243; text_text_shadow_blur_strength=\u00bb0.12em\u00bb text_text_shadow_color=\u00bb#00B983&#8243; global_colors_info=\u00bb{}\u00bb]<\/p>\n<p>Servicios<\/p>\n<p>[\/et_pb_text][\/et_pb_column][\/et_pb_row][\/et_pb_section][et_pb_section fb_built=\u00bb1&#8243; _builder_version=\u00bb4.27.5&#8243; _module_preset=\u00bbdefault\u00bb background_image=\u00bbhttps:\/\/joseyac.uproyecto.com\/wp-content\/uploads\/2026\/03\/Recurso-5@4x-scaled.png\u00bb custom_padding=\u00bb38px|||||\u00bb global_colors_info=\u00bb{}\u00bb][et_pb_row column_structure=\u00bb2_5,3_5&#8243; _builder_version=\u00bb4.27.5&#8243; _module_preset=\u00bbdefault\u00bb custom_padding=\u00bb0px||0px|||\u00bb global_colors_info=\u00bb{}\u00bb][et_pb_column type=\u00bb2_5&#8243; _builder_version=\u00bb4.27.5&#8243; _module_preset=\u00bbdefault\u00bb global_colors_info=\u00bb{}\u00bb][et_pb_text _builder_version=\u00bb4.27.5&#8243; _module_preset=\u00bbdefault\u00bb text_font=\u00bbAnton||||||||\u00bb text_text_color=\u00bb#322874&#8243; text_font_size=\u00bb40px\u00bb text_orientation=\u00bbcenter\u00bb global_colors_info=\u00bb{}\u00bb]<\/p>\n<p>Ilustracion<\/p>\n<p>[\/et_pb_text][et_pb_image src=\u00bbhttps:\/\/joseyac.uproyecto.com\/wp-content\/uploads\/2026\/04\/ilustracion-3.png\u00bb title_text=\u00bbilustraci\u00f3n\u00bb _builder_version=\u00bb4.27.5&#8243; _module_preset=\u00bbdefault\u00bb animation_style=\u00bbfade\u00bb hover_enabled=\u00bb0&#8243; global_colors_info=\u00bb{}\u00bb width_last_edited=\u00bbon|tablet\u00bb width_tablet=\u00bb65%\u00bb align_last_edited=\u00bbon|tablet\u00bb align_tablet=\u00bbcenter\u00bb sticky_enabled=\u00bb0&#8243; width_phone=\u00bb65%\u00bb align_phone=\u00bbcenter\u00bb][\/et_pb_image][\/et_pb_column][et_pb_column type=\u00bb3_5&#8243; _builder_version=\u00bb4.27.5&#8243; _module_preset=\u00bbdefault\u00bb global_colors_info=\u00bb{}\u00bb][et_pb_text _builder_version=\u00bb4.27.5&#8243; _module_preset=\u00bbdefault\u00bb text_font=\u00bbComic Neue|&#8211;et_global_heading_font_weight|||||||\u00bb text_text_color=\u00bb#322874&#8243; text_font_size=\u00bb15px\u00bb custom_margin=\u00bb65px||||false|false\u00bb global_colors_info=\u00bb{}\u00bb]<\/p>\n<p>Me especializo en <strong data-start=\"109\" data-end=\"124\">ilustraci\u00f3n<\/strong>, principalmente en estilos <strong data-start=\"152\" data-end=\"163\">cartoon<\/strong> y <strong data-start=\"166\" data-end=\"185\">flat estilizado<\/strong>.<br data-start=\"186\" data-end=\"189\" \/>Uno de mis mayores referentes es <em data-start=\"222\" data-end=\"243\">Friday Night Funkin<\/em>, lo que influye en una est\u00e9tica din\u00e1mica y con mucha personalidad. Aun as\u00ed, tengo la capacidad de <strong data-start=\"342\" data-end=\"386\" data-is-only-node=\"\">adaptarme a distintos estilos art\u00edsticos<\/strong>, ajust\u00e1ndome a lo que cada proyecto necesita, excepto en enfoques altamente complejos como el realismo.<\/p>\n<p>[\/et_pb_text][et_pb_counters bar_bg_color=\u00bb#00B983&#8243; _builder_version=\u00bb4.27.5&#8243; _module_preset=\u00bbdefault\u00bb title_font=\u00bbAnton||||||||\u00bb title_text_color=\u00bb#322874&#8243; title_font_size=\u00bb16px\u00bb global_colors_info=\u00bb{}\u00bb][et_pb_counter percent=\u00bb80&#8243; _builder_version=\u00bb4.27.5&#8243; _module_preset=\u00bbdefault\u00bb global_colors_info=\u00bb{}\u00bb bar_background_color_default=\u00bb#00B983&#8243; use_percentages=\u00bbon\u00bb]Digital[\/et_pb_counter][et_pb_counter percent=\u00bb75&#8243; _builder_version=\u00bb4.27.5&#8243; _module_preset=\u00bbdefault\u00bb global_colors_info=\u00bb{}\u00bb bar_background_color_default=\u00bb#00B983&#8243; use_percentages=\u00bbon\u00bb]Tradicional[\/et_pb_counter][et_pb_counter percent=\u00bb75&#8243; _builder_version=\u00bb4.27.5&#8243; _module_preset=\u00bbdefault\u00bb global_colors_info=\u00bb{}\u00bb bar_background_color_default=\u00bb#00B983&#8243; use_percentages=\u00bbon\u00bb]Dise\u00f1o de personajes[\/et_pb_counter][\/et_pb_counters][\/et_pb_column][\/et_pb_row][\/et_pb_section][et_pb_section fb_built=\u00bb1&#8243; _builder_version=\u00bb4.27.5&#8243; _module_preset=\u00bbdefault\u00bb background_color=\u00bb#d6ffef\u00bb background_image=\u00bbhttps:\/\/joseyac.uproyecto.com\/wp-content\/uploads\/2026\/03\/Recurso-5@4x-scaled.png\u00bb background_blend=\u00bblighten\u00bb custom_padding=\u00bb0px||0px|||\u00bb box_shadow_style=\u00bbpreset1&#8243; global_colors_info=\u00bb{}\u00bb][et_pb_row column_structure=\u00bb2_5,3_5&#8243; _builder_version=\u00bb4.27.5&#8243; _module_preset=\u00bbdefault\u00bb global_colors_info=\u00bb{}\u00bb][et_pb_column type=\u00bb2_5&#8243; _builder_version=\u00bb4.27.5&#8243; _module_preset=\u00bbdefault\u00bb global_colors_info=\u00bb{}\u00bb][et_pb_text _builder_version=\u00bb4.27.5&#8243; _module_preset=\u00bbdefault\u00bb text_font=\u00bbAnton||||||||\u00bb text_text_color=\u00bb#322874&#8243; text_font_size=\u00bb40px\u00bb text_orientation=\u00bbcenter\u00bb global_colors_info=\u00bb{}\u00bb]<\/p>\n<p>Fotograf\u00eda<\/p>\n<p>[\/et_pb_text][et_pb_image src=\u00bbhttps:\/\/joseyac.uproyecto.com\/wp-content\/uploads\/2026\/04\/character-web.png\u00bb title_text=\u00bbcharacter web\u00bb _builder_version=\u00bb4.27.5&#8243; _module_preset=\u00bbdefault\u00bb animation_style=\u00bbfade\u00bb hover_enabled=\u00bb0&#8243; global_colors_info=\u00bb{}\u00bb width=\u00bb73%\u00bb align=\u00bbcenter\u00bb sticky_enabled=\u00bb0&#8243; width_last_edited=\u00bbon|tablet\u00bb width_tablet=\u00bb59%\u00bb width_phone=\u00bb59%\u00bb][\/et_pb_image][\/et_pb_column][et_pb_column type=\u00bb3_5&#8243; _builder_version=\u00bb4.27.5&#8243; _module_preset=\u00bbdefault\u00bb global_colors_info=\u00bb{}\u00bb][et_pb_text _builder_version=\u00bb4.27.5&#8243; _module_preset=\u00bbdefault\u00bb text_font=\u00bbComic Neue|&#8211;et_global_heading_font_weight|||||||\u00bb text_text_color=\u00bb#322874&#8243; text_font_size=\u00bb15px\u00bb custom_margin=\u00bb-1px||||false|false\u00bb global_colors_info=\u00bb{}\u00bb]<\/p>\n<p>Otra \u00e1rea donde destaco es la <strong data-start=\"529\" data-end=\"555\">producci\u00f3n fotogr\u00e1fica<\/strong>, abarcando tanto la <strong data-start=\"576\" data-end=\"599\">toma de fotograf\u00edas<\/strong> como su <strong data-start=\"608\" data-end=\"626\">postproducci\u00f3n<\/strong>. Mi fuerte est\u00e1 en los <strong data-start=\"650\" data-end=\"662\">retratos<\/strong> y las <strong data-start=\"669\" data-end=\"694\">fotograf\u00edas a detalle<\/strong>, buscando capturar no solo la imagen, sino la intenci\u00f3n y el momento. Trabajo la iluminaci\u00f3n, encuadre y composici\u00f3n para lograr tomas con mayor impacto visual, y en la edici\u00f3n me enfoco en resaltar colores, corregir detalles y darle un acabado profesional a cada pieza. Aun as\u00ed, puedo adaptarme a distintos estilos y necesidades, ya sea fotograf\u00eda m\u00e1s comercial, creativa o enfocada en producto.<\/p>\n<p>[\/et_pb_text][et_pb_counters bar_bg_color=\u00bb#00B983&#8243; _builder_version=\u00bb4.27.5&#8243; _module_preset=\u00bbdefault\u00bb title_font=\u00bbAnton||||||||\u00bb title_text_color=\u00bb#322874&#8243; title_font_size=\u00bb16px\u00bb global_colors_info=\u00bb{}\u00bb][et_pb_counter percent=\u00bb85&#8243; _builder_version=\u00bb4.27.5&#8243; _module_preset=\u00bbdefault\u00bb global_colors_info=\u00bb{}\u00bb bar_background_color_default=\u00bb#00B983&#8243; use_percentages=\u00bbon\u00bb]Retratos[\/et_pb_counter][et_pb_counter percent=\u00bb70&#8243; _builder_version=\u00bb4.27.5&#8243; _module_preset=\u00bbdefault\u00bb global_colors_info=\u00bb{}\u00bb bar_background_color_default=\u00bb#00B983&#8243; use_percentages=\u00bbon\u00bb]Plano detalle[\/et_pb_counter][\/et_pb_counters][\/et_pb_column][\/et_pb_row][\/et_pb_section][et_pb_section fb_built=\u00bb1&#8243; _builder_version=\u00bb4.27.5&#8243; _module_preset=\u00bbdefault\u00bb background_image=\u00bbhttps:\/\/joseyac.uproyecto.com\/wp-content\/uploads\/2026\/04\/fondo-2.jpg\u00bb custom_padding=\u00bb0px||0px|||\u00bb box_shadow_style=\u00bbpreset1&#8243; collapsed=\u00bboff\u00bb global_colors_info=\u00bb{}\u00bb][et_pb_row column_structure=\u00bb2_5,3_5&#8243; _builder_version=\u00bb4.27.5&#8243; _module_preset=\u00bbdefault\u00bb global_colors_info=\u00bb{}\u00bb][et_pb_column type=\u00bb2_5&#8243; _builder_version=\u00bb4.27.5&#8243; _module_preset=\u00bbdefault\u00bb global_colors_info=\u00bb{}\u00bb][et_pb_text _builder_version=\u00bb4.27.5&#8243; _module_preset=\u00bbdefault\u00bb text_font=\u00bbAnton||||||||\u00bb text_text_color=\u00bb#322874&#8243; text_font_size=\u00bb40px\u00bb text_orientation=\u00bbcenter\u00bb global_colors_info=\u00bb{}\u00bb]<\/p>\n<p>Branding<\/p>\n<p>[\/et_pb_text][et_pb_image src=\u00bbhttps:\/\/joseyac.uproyecto.com\/wp-content\/uploads\/2026\/04\/brand.png\u00bb title_text=\u00bbbrand\u00bb _builder_version=\u00bb4.27.5&#8243; _module_preset=\u00bbdefault\u00bb custom_padding=\u00bb|||0px||\u00bb animation_style=\u00bbfade\u00bb hover_enabled=\u00bb0&#8243; global_colors_info=\u00bb{}\u00bb width_last_edited=\u00bbon|tablet\u00bb width_tablet=\u00bb67%\u00bb align_last_edited=\u00bbon|tablet\u00bb align_tablet=\u00bbcenter\u00bb sticky_enabled=\u00bb0&#8243; width_phone=\u00bb67%\u00bb align_phone=\u00bbcenter\u00bb][\/et_pb_image][\/et_pb_column][et_pb_column type=\u00bb3_5&#8243; _builder_version=\u00bb4.27.5&#8243; _module_preset=\u00bbdefault\u00bb global_colors_info=\u00bb{}\u00bb][et_pb_text _builder_version=\u00bb4.27.5&#8243; _module_preset=\u00bbdefault\u00bb text_font=\u00bbComic Neue|&#8211;et_global_heading_font_weight|||||||\u00bb text_text_color=\u00bb#322874&#8243; text_font_size=\u00bb15px\u00bb custom_margin=\u00bb-17px||-17px||true|false\u00bb global_colors_info=\u00bb{}\u00bb]<\/p>\n<p data-start=\"1093\" data-end=\"1591\">Tambi\u00e9n trabajo en <strong data-start=\"1112\" data-end=\"1124\">branding<\/strong>, desarrollando <strong data-start=\"1140\" data-end=\"1164\">identidades de marca<\/strong> pensadas para ser claras, coherentes y con personalidad. Me especializo en la creaci\u00f3n de <strong data-start=\"1255\" data-end=\"1280\">isotipos e imagotipos<\/strong>, pero tambi\u00e9n en la construcci\u00f3n de sistemas visuales completos: desde la elecci\u00f3n de colores y tipograf\u00edas hasta iconograf\u00eda y aplicaciones de marca. Mi enfoque es que cada identidad no solo se vea bien, sino que <strong data-start=\"1495\" data-end=\"1507\">funcione<\/strong>, conecte con su p\u00fablico y pueda adaptarse a distintos medios sin perder su esencia.<\/p>\n<p>[\/et_pb_text][et_pb_counters bar_bg_color=\u00bb#00B983&#8243; _builder_version=\u00bb4.27.5&#8243; _module_preset=\u00bbdefault\u00bb title_font=\u00bbAnton||||||||\u00bb title_text_color=\u00bb#322874&#8243; title_font_size=\u00bb16px\u00bb hover_enabled=\u00bb0&#8243; global_colors_info=\u00bb{}\u00bb custom_margin=\u00bb30px||||false|false\u00bb sticky_enabled=\u00bb0&#8243;][et_pb_counter percent=\u00bb90&#8243; _builder_version=\u00bb4.27.5&#8243; _module_preset=\u00bbdefault\u00bb global_colors_info=\u00bb{}\u00bb bar_background_color_default=\u00bb#00B983&#8243; use_percentages=\u00bbon\u00bb]Imagotipos[\/et_pb_counter][et_pb_counter percent=\u00bb75&#8243; _builder_version=\u00bb4.27.5&#8243; _module_preset=\u00bbdefault\u00bb global_colors_info=\u00bb{}\u00bb bar_background_color_default=\u00bb#00B983&#8243; use_percentages=\u00bbon\u00bb]Isotipos[\/et_pb_counter][et_pb_counter percent=\u00bb70&#8243; _builder_version=\u00bb4.27.5&#8243; _module_preset=\u00bbdefault\u00bb global_colors_info=\u00bb{}\u00bb bar_background_color_default=\u00bb#00B983&#8243; use_percentages=\u00bbon\u00bb]Logotipos[\/et_pb_counter][\/et_pb_counters][\/et_pb_column][\/et_pb_row][\/et_pb_section]<\/p>\n","protected":false},"excerpt":{"rendered":"<p>ServiciosIlustracionMe especializo en ilustraci\u00f3n, principalmente en estilos cartoon y flat estilizado.Uno de mis mayores referentes es Friday Night Funkin, lo que influye en una est\u00e9tica din\u00e1mica y con mucha personalidad. Aun as\u00ed, tengo la capacidad de adaptarme a distintos estilos art\u00edsticos, ajust\u00e1ndome a lo que cada proyecto necesita, excepto en enfoques altamente complejos como el [&hellip;]<\/p>\n","protected":false},"author":1,"featured_media":0,"parent":0,"menu_order":0,"comment_status":"closed","ping_status":"closed","template":"","meta":{"_et_pb_use_builder":"on","_et_pb_old_content":"","_et_gb_content_width":"","_joinchat":[],"footnotes":""},"class_list":["post-43","page","type-page","status-publish","hentry"],"_links":{"self":[{"href":"https:\/\/joseyac.uproyecto.com\/index.php?rest_route=\/wp\/v2\/pages\/43","targetHints":{"allow":["GET"]}}],"collection":[{"href":"https:\/\/joseyac.uproyecto.com\/index.php?rest_route=\/wp\/v2\/pages"}],"about":[{"href":"https:\/\/joseyac.uproyecto.com\/index.php?rest_route=\/wp\/v2\/types\/page"}],"author":[{"embeddable":true,"href":"https:\/\/joseyac.uproyecto.com\/index.php?rest_route=\/wp\/v2\/users\/1"}],"replies":[{"embeddable":true,"href":"https:\/\/joseyac.uproyecto.com\/index.php?rest_route=%2Fwp%2Fv2%2Fcomments&post=43"}],"version-history":[{"count":8,"href":"https:\/\/joseyac.uproyecto.com\/index.php?rest_route=\/wp\/v2\/pages\/43\/revisions"}],"predecessor-version":[{"id":256,"href":"https:\/\/joseyac.uproyecto.com\/index.php?rest_route=\/wp\/v2\/pages\/43\/revisions\/256"}],"wp:attachment":[{"href":"https:\/\/joseyac.uproyecto.com\/index.php?rest_route=%2Fwp%2Fv2%2Fmedia&parent=43"}],"curies":[{"name":"wp","href":"https:\/\/api.w.org\/{rel}","templated":true}]}}