{"id":26,"date":"2026-03-18T23:07:13","date_gmt":"2026-03-18T22:07:13","guid":{"rendered":"https:\/\/joseyac.uproyecto.com\/?page_id=26"},"modified":"2026-04-08T07:51:05","modified_gmt":"2026-04-08T05:51:05","slug":"inicio","status":"publish","type":"page","link":"https:\/\/joseyac.uproyecto.com\/","title":{"rendered":"Inicio"},"content":{"rendered":"<p>[et_pb_section fb_built=\u00bb1&#8243; admin_label=\u00bbSecci\u00f3n\u00bb _builder_version=\u00bb4.27.5&#8243; _module_preset=\u00bbdefault\u00bb background_color=\u00bbrgba(0,0,0,0)\u00bb background_image=\u00bbhttps:\/\/joseyac.uproyecto.com\/wp-content\/uploads\/2026\/04\/fondo.jpg\u00bb custom_padding=\u00bb||0px|||\u00bb global_colors_info=\u00bb{}\u00bb][et_pb_row column_structure=\u00bb2_5,3_5&#8243; _builder_version=\u00bb4.27.5&#8243; _module_preset=\u00bbdefault\u00bb custom_padding=\u00bb||0px|||\u00bb global_colors_info=\u00bb{}\u00bb][et_pb_column type=\u00bb2_5&#8243; _builder_version=\u00bb4.27.5&#8243; _module_preset=\u00bbdefault\u00bb global_colors_info=\u00bb{}\u00bb][et_pb_text _builder_version=\u00bb4.27.5&#8243; _module_preset=\u00bbdefault\u00bb text_font=\u00bbAnton||||||||\u00bb text_text_color=\u00bb#70FFD6&#8243; text_font_size=\u00bb87px\u00bb text_orientation=\u00bbcenter\u00bb custom_margin=\u00bb98px||||false|false\u00bb text_font_size_tablet=\u00bb87px\u00bb text_font_size_phone=\u00bb68px\u00bb text_font_size_last_edited=\u00bbon|desktop\u00bb text_text_shadow_style=\u00bbpreset3&#8243; text_text_shadow_blur_strength=\u00bb0.21em\u00bb text_text_shadow_color=\u00bb#00B983&#8243; global_colors_info=\u00bb{}\u00bb]<\/p>\n<p>\u00a1BIENVENIDO!<\/p>\n<p>[\/et_pb_text][ba_animated_text prefix=\u00bbA donde tus\u00bb animated_text=\u00bb%91{%22value%22:%22Ideas%22,%22checked%22:0,%22dragID%22:-1},{%22value%22:%22Proyectos%22,%22checked%22:0,%22dragID%22:0},{%22value%22:%22Dise\u00f1os%22,%22checked%22:0,%22dragID%22:1}%93&#8243; suffix=\u00bbse hacen realidad\u00bb text_alignment=\u00bbcenter\u00bb animated_bg=\u00bbRGBA(255,255,255,0)\u00bb animated_stroke_color=\u00bb#958BD9&#8243; _builder_version=\u00bb4.27.5&#8243; _module_preset=\u00bbdefault\u00bb animated_font=\u00bbComic Neue||||||||\u00bb animated_text_color=\u00bb#70FFD6&#8243; main_text_color=\u00bb#c7afff\u00bb animated_font_size_tablet=\u00bb\u00bb animated_font_size_phone=\u00bb17px\u00bb animated_font_size_last_edited=\u00bbon|phone\u00bb global_colors_info=\u00bb{}\u00bb][\/ba_animated_text][et_pb_text _builder_version=\u00bb4.27.5&#8243; _module_preset=\u00bbdefault\u00bb text_font=\u00bbComic Neue|&#8211;et_global_heading_font_weight|||||||\u00bb text_text_color=\u00bb#70FFD6&#8243; text_font_size=\u00bb20px\u00bb custom_margin=\u00bb194px||||false|false\u00bb hover_enabled=\u00bb0&#8243; global_colors_info=\u00bb{}\u00bb custom_margin_last_edited=\u00bbon|phone\u00bb custom_margin_phone=\u00bb-8px||||false|false\u00bb text_orientation_last_edited=\u00bbon|phone\u00bb text_orientation_phone=\u00bbcenter\u00bb sticky_enabled=\u00bb0&#8243; text_orientation_tablet=\u00bbcenter\u00bb custom_margin_tablet=\u00bb2px||||false|false\u00bb]<\/p>\n<p>\u00a1Sigueme en mis redes!<\/p>\n<p>[\/et_pb_text][et_pb_social_media_follow icon_color=\u00bb#FFFFFF\u00bb use_icon_font_size=\u00bbon\u00bb icon_font_size=\u00bb22px\u00bb _builder_version=\u00bb4.27.5&#8243; _module_preset=\u00bbdefault\u00bb custom_button=\u00bbon\u00bb button_text_size=\u00bb15px\u00bb button_text_color=\u00bbRGBA(255,255,255,0)\u00bb button_border_color=\u00bbRGBA(255,255,255,0)\u00bb custom_margin=\u00bb-32px||||false|false\u00bb hover_enabled=\u00bb0&#8243; box_shadow_style=\u00bbpreset2&#8243; box_shadow_horizontal=\u00bb2px\u00bb box_shadow_vertical=\u00bb3px\u00bb box_shadow_blur=\u00bb7px\u00bb box_shadow_style_button=\u00bbpreset2&#8243; global_colors_info=\u00bb{}\u00bb custom_margin_last_edited=\u00bbon|phone\u00bb custom_margin_phone=\u00bb-20px||||false|false\u00bb text_orientation_last_edited=\u00bbon|phone\u00bb text_orientation_phone=\u00bbcenter\u00bb sticky_enabled=\u00bb0&#8243; text_orientation_tablet=\u00bbcenter\u00bb custom_margin_tablet=\u00bb-19px||||false|false\u00bb][et_pb_social_media_follow_network social_network=\u00bbfacebook\u00bb url=\u00bbhttps:\/\/www.facebook.com\/share\/1CMjTuU4pp\/?mibextid=wwXIfr\u00bb _builder_version=\u00bb4.27.5&#8243; _module_preset=\u00bbdefault\u00bb background_color=\u00bb#322874&#8243; background_enable_color=\u00bbon\u00bb global_colors_info=\u00bb{}\u00bb follow_button=\u00bboff\u00bb url_new_window=\u00bbon\u00bb]facebook[\/et_pb_social_media_follow_network][et_pb_social_media_follow_network social_network=\u00bbtwitter\u00bb url=\u00bbhttps:\/\/x.com\/j_dreamlabs?s=21&#8243; _builder_version=\u00bb4.27.5&#8243; _module_preset=\u00bbdefault\u00bb background_color=\u00bb#322874&#8243; background_enable_color=\u00bbon\u00bb global_colors_info=\u00bb{}\u00bb follow_button=\u00bboff\u00bb url_new_window=\u00bbon\u00bb]X[\/et_pb_social_media_follow_network][et_pb_social_media_follow_network social_network=\u00bbbehance\u00bb url=\u00bbhttps:\/\/www.behance.net\/josedreamlabs\u00bb _builder_version=\u00bb4.27.5&#8243; _module_preset=\u00bbdefault\u00bb background_color=\u00bb#322874&#8243; background_enable_color=\u00bbon\u00bb global_colors_info=\u00bb{}\u00bb follow_button=\u00bboff\u00bb url_new_window=\u00bbon\u00bb]behance[\/et_pb_social_media_follow_network][et_pb_social_media_follow_network social_network=\u00bbinstagram\u00bb url=\u00bbhttps:\/\/www.instagram.com\/jncore_2011?igsh=c3hpMGU2MW4yN3Vw&#038;utm_source=qr\u00bb _builder_version=\u00bb4.27.5&#8243; _module_preset=\u00bbdefault\u00bb background_color=\u00bb#322874&#8243; background_enable_color=\u00bbon\u00bb global_colors_info=\u00bb{}\u00bb follow_button=\u00bboff\u00bb url_new_window=\u00bbon\u00bb]instagram[\/et_pb_social_media_follow_network][\/et_pb_social_media_follow][\/et_pb_column][et_pb_column type=\u00bb3_5&#8243; _builder_version=\u00bb4.27.5&#8243; _module_preset=\u00bbdefault\u00bb global_colors_info=\u00bb{}\u00bb][et_pb_image src=\u00bbhttps:\/\/joseyac.uproyecto.com\/wp-content\/uploads\/2026\/04\/JNcore-welcome.png\u00bb title_text=\u00bbJNcore welcome\u00bb _builder_version=\u00bb4.27.5&#8243; _module_preset=\u00bbdefault\u00bb custom_margin=\u00bb-80px||||false|false\u00bb custom_margin_tablet=\u00bb-44px||||false|false\u00bb custom_margin_phone=\u00bb-29px||||false|false\u00bb custom_margin_last_edited=\u00bbon|desktop\u00bb animation_style=\u00bbfade\u00bb animation_duration=\u00bb900ms\u00bb hover_enabled=\u00bb0&#8243; global_colors_info=\u00bb{}\u00bb sticky_enabled=\u00bb0&#8243;][\/et_pb_image][\/et_pb_column][\/et_pb_row][\/et_pb_section][et_pb_section fb_built=\u00bb1&#8243; fullwidth=\u00bbon\u00bb _builder_version=\u00bb4.27.5&#8243; _module_preset=\u00bbdefault\u00bb global_colors_info=\u00bb{}\u00bb][et_pb_fullwidth_image src=\u00bbhttps:\/\/joseyac.uproyecto.com\/wp-content\/uploads\/2026\/04\/separador-2@4x-scaled.png\u00bb title_text=\u00bbseparador 2@4x\u00bb _builder_version=\u00bb4.27.5&#8243; _module_preset=\u00bbdefault\u00bb box_shadow_style=\u00bbpreset1&#8243; box_shadow_vertical=\u00bb-12px\u00bb box_shadow_blur=\u00bb15px\u00bb box_shadow_spread=\u00bb-1px\u00bb global_colors_info=\u00bb{}\u00bb][\/et_pb_fullwidth_image][\/et_pb_section][et_pb_section fb_built=\u00bb1&#8243; _builder_version=\u00bb4.27.5&#8243; _module_preset=\u00bbdefault\u00bb background_image=\u00bbhttps:\/\/joseyac.uproyecto.com\/wp-content\/uploads\/2026\/04\/fondo-2.jpg\u00bb global_colors_info=\u00bb{}\u00bb][et_pb_row column_structure=\u00bb3_5,2_5&#8243; _builder_version=\u00bb4.27.5&#8243; _module_preset=\u00bbdefault\u00bb global_colors_info=\u00bb{}\u00bb][et_pb_column type=\u00bb3_5&#8243; _builder_version=\u00bb4.27.5&#8243; _module_preset=\u00bbdefault\u00bb global_colors_info=\u00bb{}\u00bb][et_pb_text _builder_version=\u00bb4.27.5&#8243; _module_preset=\u00bbdefault\u00bb text_font=\u00bbComic Neue|700|||||||\u00bb text_text_color=\u00bb#322874&#8243; text_font_size=\u00bb18px\u00bb global_colors_info=\u00bb{}\u00bb]<\/p>\n<p data-start=\"93\" data-end=\"208\">Soy <strong data-start=\"97\" data-end=\"107\">JNcore<\/strong>, dise\u00f1ador gr\u00e1fico enfocado en el <strong data-start=\"142\" data-end=\"166\">dise\u00f1o de personajes<\/strong>, <strong data-start=\"168\" data-end=\"192\">dise\u00f1os ilustrativos<\/strong> y <strong data-start=\"195\" data-end=\"207\">branding<\/strong>.<\/p>\n<p data-start=\"210\" data-end=\"447\">M\u00e1s que solo hacer dise\u00f1os, me gusta crear cosas que tengan estilo, identidad y que realmente conecten. Para m\u00ed, cada proyecto es una oportunidad de construir algo que se sienta propio, que tenga personalidad y que no pase desapercibido.<\/p>\n<p data-start=\"449\" data-end=\"722\">Me interesa que cada pieza comunique, que tenga intenci\u00f3n y que logre transmitir una idea clara, ya sea a trav\u00e9s de un personaje, una marca o una propuesta visual completa. No trabajo con lo gen\u00e9rico; busco que cada dise\u00f1o tenga su propia esencia y deje una impresi\u00f3n real.<\/p>\n<p data-start=\"724\" data-end=\"1014\">Adem\u00e1s, disfruto el proceso creativo desde la idea inicial hasta el resultado final, explorando diferentes caminos hasta encontrar lo que mejor represente el concepto. Siempre busco evolucionar, mejorar y llevar cada proyecto a un nivel m\u00e1s s\u00f3lido, tanto en lo visual como en lo conceptual.<\/p>\n<p>[\/et_pb_text][\/et_pb_column][et_pb_column type=\u00bb2_5&#8243; _builder_version=\u00bb4.27.5&#8243; _module_preset=\u00bbdefault\u00bb global_colors_info=\u00bb{}\u00bb][et_pb_image src=\u00bbhttps:\/\/joseyac.uproyecto.com\/wp-content\/uploads\/2026\/04\/iconos-composicion-1.png\u00bb title_text=\u00bbiconos composicion\u00bb _builder_version=\u00bb4.27.5&#8243; _module_preset=\u00bbdefault\u00bb animation_style=\u00bbslide\u00bb animation_direction=\u00bbbottom\u00bb global_colors_info=\u00bb{}\u00bb][\/et_pb_image][\/et_pb_column][\/et_pb_row][\/et_pb_section][et_pb_section fb_built=\u00bb1&#8243; fullwidth=\u00bbon\u00bb _builder_version=\u00bb4.27.5&#8243; _module_preset=\u00bbdefault\u00bb global_colors_info=\u00bb{}\u00bb][et_pb_fullwidth_image src=\u00bbhttps:\/\/joseyac.uproyecto.com\/wp-content\/uploads\/2026\/04\/separador-2@4x-scaled.png\u00bb title_text=\u00bbseparador 2@4x\u00bb _builder_version=\u00bb4.27.5&#8243; _module_preset=\u00bbdefault\u00bb box_shadow_style=\u00bbpreset1&#8243; box_shadow_horizontal=\u00bb6px\u00bb box_shadow_blur=\u00bb10px\u00bb box_shadow_spread=\u00bb10px\u00bb global_colors_info=\u00bb{}\u00bb][\/et_pb_fullwidth_image][\/et_pb_section][et_pb_section fb_built=\u00bb1&#8243; _builder_version=\u00bb4.27.5&#8243; _module_preset=\u00bbdefault\u00bb background_image=\u00bbhttps:\/\/joseyac.uproyecto.com\/wp-content\/uploads\/2026\/03\/ruido-negativo.png\u00bb custom_padding=\u00bb||0px|||\u00bb global_colors_info=\u00bb{}\u00bb][et_pb_row _builder_version=\u00bb4.27.5&#8243; _module_preset=\u00bbdefault\u00bb global_colors_info=\u00bb{}\u00bb][et_pb_column type=\u00bb4_4&#8243; _builder_version=\u00bb4.27.5&#8243; _module_preset=\u00bbdefault\u00bb global_colors_info=\u00bb{}\u00bb][et_pb_text _builder_version=\u00bb4.27.5&#8243; _module_preset=\u00bbdefault\u00bb text_font=\u00bbAnton||||||||\u00bb text_text_color=\u00bb#70FFD6&#8243; text_font_size=\u00bb86px\u00bb text_orientation=\u00bbcenter\u00bb custom_margin=\u00bb0px||||false|false\u00bb text_text_shadow_style=\u00bbpreset3&#8243; text_text_shadow_blur_strength=\u00bb0.21em\u00bb text_text_shadow_color=\u00bb#00B983&#8243; global_colors_info=\u00bb{}\u00bb]<\/p>\n<p>SERVICIOS<\/p>\n<p>[\/et_pb_text][\/et_pb_column][\/et_pb_row][et_pb_row column_structure=\u00bb1_3,1_3,1_3&#8243; _builder_version=\u00bb4.27.5&#8243; _module_preset=\u00bbdefault\u00bb global_colors_info=\u00bb{}\u00bb][et_pb_column type=\u00bb1_3&#8243; _builder_version=\u00bb4.27.5&#8243; _module_preset=\u00bbdefault\u00bb global_colors_info=\u00bb{}\u00bb][et_pb_image src=\u00bbhttps:\/\/joseyac.uproyecto.com\/wp-content\/uploads\/2026\/04\/ilustracion-2.png\u00bb title_text=\u00bbilustraci\u00f3n\u00bb _builder_version=\u00bb4.27.5&#8243; _module_preset=\u00bbdefault\u00bb transform_scale=\u00bb108%|108%\u00bb width=\u00bb100%\u00bb custom_margin=\u00bb4px|||-56px|false|false\u00bb animation_style=\u00bbslide\u00bb animation_direction=\u00bbbottom\u00bb global_colors_info=\u00bb{}\u00bb][\/et_pb_image][et_pb_text _builder_version=\u00bb4.27.5&#8243; _module_preset=\u00bbdefault\u00bb text_font=\u00bbAnton||||||||\u00bb text_text_color=\u00bb#322874&#8243; text_font_size=\u00bb40px\u00bb text_orientation=\u00bbcenter\u00bb custom_margin=\u00bb82px||||false|false\u00bb text_text_shadow_style=\u00bbpreset1&#8243; text_text_shadow_vertical_length=\u00bb0.13em\u00bb text_text_shadow_blur_strength=\u00bb0.15em\u00bb global_colors_info=\u00bb{}\u00bb]<\/p>\n<p>ILUSTRACI\u00d3N<\/p>\n<p>[\/et_pb_text][\/et_pb_column][et_pb_column type=\u00bb1_3&#8243; _builder_version=\u00bb4.27.5&#8243; _module_preset=\u00bbdefault\u00bb global_colors_info=\u00bb{}\u00bb][et_pb_image src=\u00bbhttps:\/\/joseyac.uproyecto.com\/wp-content\/uploads\/2026\/04\/character-web.png\u00bb title_text=\u00bbcharacter web\u00bb _builder_version=\u00bb4.27.5&#8243; _module_preset=\u00bbdefault\u00bb animation_style=\u00bbslide\u00bb animation_direction=\u00bbbottom\u00bb global_colors_info=\u00bb{}\u00bb][\/et_pb_image][et_pb_text _builder_version=\u00bb4.27.5&#8243; _module_preset=\u00bbdefault\u00bb text_font=\u00bbAnton||||||||\u00bb text_text_color=\u00bb#322874&#8243; text_font_size=\u00bb40px\u00bb text_orientation=\u00bbcenter\u00bb text_text_shadow_style=\u00bbpreset1&#8243; text_text_shadow_vertical_length=\u00bb0.15em\u00bb text_text_shadow_blur_strength=\u00bb0.18em\u00bb global_colors_info=\u00bb{}\u00bb]<\/p>\n<p>FOTOGRAF\u00cdA<\/p>\n<p>[\/et_pb_text][\/et_pb_column][et_pb_column type=\u00bb1_3&#8243; _builder_version=\u00bb4.27.5&#8243; _module_preset=\u00bbdefault\u00bb global_colors_info=\u00bb{}\u00bb][et_pb_image src=\u00bbhttps:\/\/joseyac.uproyecto.com\/wp-content\/uploads\/2026\/04\/brand.png\u00bb title_text=\u00bbbrand\u00bb _builder_version=\u00bb4.27.5&#8243; _module_preset=\u00bbdefault\u00bb animation_style=\u00bbslide\u00bb animation_direction=\u00bbbottom\u00bb global_colors_info=\u00bb{}\u00bb][\/et_pb_image][et_pb_text _builder_version=\u00bb4.27.5&#8243; _module_preset=\u00bbdefault\u00bb text_font=\u00bbAnton||||||||\u00bb text_text_color=\u00bb#322874&#8243; text_font_size=\u00bb40px\u00bb text_orientation=\u00bbcenter\u00bb text_text_shadow_style=\u00bbpreset1&#8243; text_text_shadow_vertical_length=\u00bb0.15em\u00bb text_text_shadow_blur_strength=\u00bb0.18em\u00bb global_colors_info=\u00bb{}\u00bb]<\/p>\n<p>BRANDING<\/p>\n<p>[\/et_pb_text][\/et_pb_column][\/et_pb_row][et_pb_row _builder_version=\u00bb4.27.5&#8243; _module_preset=\u00bbdefault\u00bb custom_padding=\u00bb0px||29px|||\u00bb global_colors_info=\u00bb{}\u00bb][et_pb_column type=\u00bb4_4&#8243; _builder_version=\u00bb4.27.5&#8243; _module_preset=\u00bbdefault\u00bb global_colors_info=\u00bb{}\u00bb][et_pb_button button_url=\u00bbhttps:\/\/joseyac.uproyecto.com\/?page_id=45&#8243; button_text=\u00bbVer portafolio\u00bb button_alignment=\u00bbcenter\u00bb _builder_version=\u00bb4.27.5&#8243; _module_preset=\u00bbdefault\u00bb custom_button=\u00bbon\u00bb button_text_size=\u00bb17px\u00bb button_text_color=\u00bb#322874&#8243; button_bg_color=\u00bb#70FFD6&#8243; button_border_width=\u00bb4px\u00bb button_border_radius=\u00bb12px\u00bb button_font=\u00bbAnton||||||||\u00bb button_icon=\u00bb&#x45;||divi||400&#8243; global_colors_info=\u00bb{}\u00bb][\/et_pb_button][\/et_pb_column][\/et_pb_row][\/et_pb_section][et_pb_section fb_built=\u00bb1&#8243; fullwidth=\u00bbon\u00bb _builder_version=\u00bb4.27.5&#8243; _module_preset=\u00bbdefault\u00bb box_shadow_style=\u00bbpreset1&#8243; box_shadow_blur=\u00bb16px\u00bb box_shadow_spread=\u00bb10px\u00bb global_colors_info=\u00bb{}\u00bb][et_pb_fullwidth_image src=\u00bbhttps:\/\/joseyac.uproyecto.com\/wp-content\/uploads\/2026\/04\/separador-2@4x-scaled.png\u00bb title_text=\u00bbseparador 2@4x\u00bb _builder_version=\u00bb4.27.5&#8243; _module_preset=\u00bbdefault\u00bb global_colors_info=\u00bb{}\u00bb][\/et_pb_fullwidth_image][\/et_pb_section][et_pb_section fb_built=\u00bb1&#8243; _builder_version=\u00bb4.27.5&#8243; _module_preset=\u00bbdefault\u00bb background_image=\u00bbhttps:\/\/joseyac.uproyecto.com\/wp-content\/uploads\/2026\/03\/Recurso-5@4x-scaled.png\u00bb custom_padding=\u00bb0px||3px|||\u00bb global_colors_info=\u00bb{}\u00bb][et_pb_row column_structure=\u00bb1_2,1_2&#8243; _builder_version=\u00bb4.27.5&#8243; _module_preset=\u00bbdefault\u00bb global_colors_info=\u00bb{}\u00bb][et_pb_column type=\u00bb1_2&#8243; _builder_version=\u00bb4.27.5&#8243; _module_preset=\u00bbdefault\u00bb global_colors_info=\u00bb{}\u00bb][et_pb_text _builder_version=\u00bb4.27.5&#8243; _module_preset=\u00bbdefault\u00bb text_font=\u00bbAnton||||||||\u00bb text_text_color=\u00bb#322874&#8243; text_font_size=\u00bb25px\u00bb global_colors_info=\u00bb{}\u00bb]<\/p>\n<p>Para quienes nos dirigimos<\/p>\n<p>[\/et_pb_text][et_pb_text _builder_version=\u00bb4.27.5&#8243; _module_preset=\u00bbdefault\u00bb text_font=\u00bbComic Neue|&#8211;et_global_heading_font_weight|||||||\u00bb text_text_color=\u00bb#0D0826&#8243; text_font_size=\u00bb17px\u00bb custom_margin=\u00bb44px||||false|false\u00bb global_colors_info=\u00bb{}\u00bb]<\/p>\n<p>A personas y marcas que quieren darle un giro a lo que ya tienen o empezar algo con una identidad fuerte.<br \/>Si quieres renovar tu marca, agregarle una mascota o llevar tu estilo a algo m\u00e1s actual, aqu\u00ed es donde empezamos.<\/p>\n<p>[\/et_pb_text][\/et_pb_column][et_pb_column type=\u00bb1_2&#8243; _builder_version=\u00bb4.27.5&#8243; _module_preset=\u00bbdefault\u00bb global_colors_info=\u00bb{}\u00bb][et_pb_text _builder_version=\u00bb4.27.5&#8243; _module_preset=\u00bbdefault\u00bb text_font=\u00bbAnton||||||||\u00bb text_text_color=\u00bb#322874&#8243; text_font_size=\u00bb25px\u00bb global_colors_info=\u00bb{}\u00bb]<\/p>\n<p>Porque elegirnos<\/p>\n<p>[\/et_pb_text][et_pb_text _builder_version=\u00bb4.27.5&#8243; _module_preset=\u00bbdefault\u00bb text_font=\u00bbComic Neue|&#8211;et_global_heading_font_weight|||||||\u00bb text_text_color=\u00bb#0D0826&#8243; text_font_size=\u00bb17px\u00bb global_colors_info=\u00bb{}\u00bb]<\/p>\n<p>Cada proyecto lo trabajo para que tenga su propia vibra, su propia personalidad.<br \/>No es solo \u201chacer algo bonito\u201d, es crear algo que te represente de verdad.<\/p>\n<p>Trabajo contigo en el proceso, pero me encargo de que el resultado final sea algo \u00fanico, que destaque y se quede en la mente de la gente.<\/p>\n<p>[\/et_pb_text][\/et_pb_column][\/et_pb_row][\/et_pb_section]<\/p>\n","protected":false},"excerpt":{"rendered":"<p>\u00a1BIENVENIDO!<div class=\"et_pb_module ba_animated_text ba_animated_text_0\">\n\t\t\t\t\n\t\t\t\t\n\t\t\t\t\n\t\t\t\t\n\t\t\t\t\n\t\t\t\t\n\t\t\t\t<div class=\"et_pb_module_inner\">\n\t\t\t\t\t<div id=\"dtq-animated-text-0\" class=\"dtq-module dtq-animated-text dtq-front\" data-settings=\"{&quot;strings&quot;:[&quot;Ideas&quot;,&quot;Proyectos&quot;,&quot;Dise\\u00f1os&quot;],&quot;showCursor&quot;:true,&quot;loop&quot;:true,&quot;typeSpeed&quot;:100,&quot;startDelay&quot;:300,&quot;backSpeed&quot;:50,&quot;backDelay&quot;:500}\" data-type=\"typed\">\n\t\t\t\t<h3 class=\"dtq-animated-text-head\">\n\t\t\t\t\t<div class=\"dtq-animated-text-prefix\"><span>A donde tus<\/span>&nbsp;<\/div> <div class=\"dtq-text-animation dtq-animated-text-main dtq-typed-text\"><\/div> <div class=\"dtq-animated-text-suffix\">&nbsp;<span>se hacen realidad<\/span><\/div>\n\t\t\t\t<\/h3>\n\t\t\t<\/div>\n\t\t\t\t<\/div>\n\t\t\t<\/div>\u00a1Sigueme en mis redes!Soy JNcore, dise\u00f1ador gr\u00e1fico enfocado en el dise\u00f1o de personajes, dise\u00f1os ilustrativos y branding. M\u00e1s que solo hacer dise\u00f1os, me gusta crear cosas que tengan estilo, identidad y que realmente conecten. Para [&hellip;]<\/p>\n","protected":false},"author":1,"featured_media":0,"parent":0,"menu_order":0,"comment_status":"closed","ping_status":"closed","template":"","meta":{"_et_pb_use_builder":"on","_et_pb_old_content":"","_et_gb_content_width":"","_joinchat":[],"footnotes":""},"class_list":["post-26","page","type-page","status-publish","hentry"],"_links":{"self":[{"href":"https:\/\/joseyac.uproyecto.com\/index.php?rest_route=\/wp\/v2\/pages\/26","targetHints":{"allow":["GET"]}}],"collection":[{"href":"https:\/\/joseyac.uproyecto.com\/index.php?rest_route=\/wp\/v2\/pages"}],"about":[{"href":"https:\/\/joseyac.uproyecto.com\/index.php?rest_route=\/wp\/v2\/types\/page"}],"author":[{"embeddable":true,"href":"https:\/\/joseyac.uproyecto.com\/index.php?rest_route=\/wp\/v2\/users\/1"}],"replies":[{"embeddable":true,"href":"https:\/\/joseyac.uproyecto.com\/index.php?rest_route=%2Fwp%2Fv2%2Fcomments&post=26"}],"version-history":[{"count":20,"href":"https:\/\/joseyac.uproyecto.com\/index.php?rest_route=\/wp\/v2\/pages\/26\/revisions"}],"predecessor-version":[{"id":246,"href":"https:\/\/joseyac.uproyecto.com\/index.php?rest_route=\/wp\/v2\/pages\/26\/revisions\/246"}],"wp:attachment":[{"href":"https:\/\/joseyac.uproyecto.com\/index.php?rest_route=%2Fwp%2Fv2%2Fmedia&parent=26"}],"curies":[{"name":"wp","href":"https:\/\/api.w.org\/{rel}","templated":true}]}}